{"id":1952,"date":"2025-03-21T08:42:26","date_gmt":"2025-03-21T07:42:26","guid":{"rendered":"https:\/\/lafrasera.cat\/politica-de-privadesa\/"},"modified":"2025-03-21T11:09:00","modified_gmt":"2025-03-21T10:09:00","slug":"politica-de-privadesa","status":"publish","type":"page","link":"https:\/\/lafrasera.cat\/ca\/politica-de-privadesa\/","title":{"rendered":"Pol\u00edtica de privadesa"},"content":{"rendered":"\t\t<div data-elementor-type=\"wp-page\" data-elementor-id=\"1952\" class=\"elementor elementor-1952 elementor-1222\" data-elementor-post-type=\"page\">\n\t\t\t\t<div class=\"elementor-element elementor-element-63ba75c e-flex e-con-boxed e-con e-parent\" data-id=\"63ba75c\" data-element_type=\"container\" data-e-type=\"container\" data-settings=\"{&quot;background_background&quot;:&quot;classic&quot;}\">\n\t\t\t\t\t<div class=\"e-con-inner\">\n\t\t\t\t<div class=\"elementor-element elementor-element-e4f55a2 elementor-widget elementor-widget-heading\" data-id=\"e4f55a2\" data-element_type=\"widget\" data-e-type=\"widget\" data-widget_type=\"heading.default\">\n\t\t\t\t<div class=\"elementor-widget-container\">\n\t\t\t\t\t<h1 class=\"elementor-heading-title elementor-size-default\">Pol\u00edtica de privadesa<\/h1>\t\t\t\t<\/div>\n\t\t\t\t<\/div>\n\t\t\t\t<div class=\"elementor-element elementor-element-629cd0d elementor-widget elementor-widget-text-editor\" data-id=\"629cd0d\" data-element_type=\"widget\" data-e-type=\"widget\" data-widget_type=\"text-editor.default\">\n\t\t\t\t<div class=\"elementor-widget-container\">\n\t\t\t\t\t\t\t\t\t<p>De conformitat amb el que disposa la normativa vigent en protecci\u00f3 de dades personals al Reglament (UE) 2016\/679 de 27 d&#8217;abril de 2016 (RGPD), us informem que:<\/p><p>La visita d&#8217;aquest lloc web no suposa que l&#8217;usuari estigui obligat a facilitar cap informaci\u00f3 sobre si mateix. Tot i aix\u00f2, durant la visita es podrien sol\u00b7licitar dades personals a trav\u00e9s de formularis per contactar i rebre informaci\u00f3 sobre els serveis prestats per A FRASERA ALLOTJAMENT RURAL SL. La no facilitaci\u00f3 de les dades marcades com a obligat\u00f2ries impedir\u00e0 respondre a la vostra sol\u00b7licitud.<\/p><p>En cas d&#8217;enviar un correu electr\u00f2nic amb dades personals, aquestes formaran part del mateix tractament, per tal de gestionar la vostra sol\u00b7licitud o comentari.<\/p><p>L&#8217;usuari que envia informaci\u00f3 a LA FRASERA ALLOTJAMENT RURAL SL \u00e9s l&#8217;\u00fanic responsable de la veracitat i correcci\u00f3 de les dades, exonerant a LA FRASERA ALLOTJAMENT RURAL SL de qualsevol responsabilitat.<\/p><h2>Informaci\u00f3 sobre la protecci\u00f3 de dades<\/h2><h3>Responsable del tractament de les vostres dades<\/h3><p><strong>Identitat:<\/strong> LA FRASERA ALLOTJAMENT RURAL SL<\/p><p><strong>CIF:<\/strong> B56911381<\/p><p><strong>Adre\u00e7a:<\/strong> Cam\u00ed de Castellet s\/n, 08233Vacarisses, Barcelona<\/p><p><strong>Tel\u00e8fon:<\/strong> +34 649 58 65 53<\/p><p><strong>Correu electr\u00f2nic:<\/strong> info@lafrasera.cat<\/p><h3>Finalitat amb qu\u00e8 tractem les vostres dades<\/h3><ul><li>Realitzar enquestes sobre la satisfacci\u00f3 del client relacionades amb la qualitat dels serveis de lempresa.<\/li><li>Enviament de comunicacions comercials i publicitat sobre serveis de l&#8217;empresa (sota consentiment expr\u00e9s).<\/li><\/ul><h3>Legitimaci\u00f3 per al tractament de les vostres dades<\/h3><p>Basada en l&#8217;inter\u00e8s leg\u00edtim i en el consentiment que vost\u00e8 atorga en acceptar aquesta pol\u00edtica de privadesa.<\/p><h3>Temps de conservaci\u00f3 de les vostres dades<\/h3><p>Les dades es conservaran pel temps estrictament necessari per complir els prop\u00f2sits indicats. En el cas del m\u00e0rqueting, les dades es mantindran fins que vost\u00e8 revoqui el seu consentiment.<\/p><h3>Decisions<\/h3><p>No es prendran decisions automatitzades.<\/p><h3>Destinataris<\/h3><p>Les dades poden ser comunicades a tercers per complir obligacions legals, executar ordres dautoritats p\u00fabliques o exercir un dret de lempresa davant les autoritats judicials.<\/p><h3>Drets<\/h3><p>Podeu exercir els seg\u00fcents drets:<\/p><ul><li><strong>Dret d&#8217;acc\u00e9s:<\/strong> obtenir informaci\u00f3 sobre les dades tractades.<\/li><li><strong>Dret de rectificaci\u00f3 i esborrament:<\/strong> sol\u00b7licitar la correcci\u00f3 de dades inexactes o la seva eliminaci\u00f3.<\/li><li><strong>Dret de restricci\u00f3 del tractament:<\/strong> sol\u00b7licitar la suspensi\u00f3 del tractament quan sigui leg\u00edtim.<\/li><li><strong>Dret a la portabilitat:<\/strong> rebre les dades en un format estructurat i transferir-les a un altre responsable.<\/li><li><strong>Dret d&#8217;oposici\u00f3:<\/strong> oposar-se al tractament de les vostres dades, especialment per a fins de m\u00e0rqueting.<\/li><\/ul><p>Si considereu que els vostres drets no han estat respectats, podeu presentar una reclamaci\u00f3 a les autoritats de control corresponents: <a href=\"https:\/\/www.aepd.es\/reglamento\/derechos\/\" target=\"_blank\" rel=\"noopener\">Ag\u00e8ncia Espanyola de Protecci\u00f3 de Dades (AEPD)<\/a> .<\/p>\t\t\t\t\t\t\t\t<\/div>\n\t\t\t\t<\/div>\n\t\t\t\t\t<\/div>\n\t\t\t\t<\/div>\n\t\t\t\t<\/div>\n\t\t","protected":false},"excerpt":{"rendered":"<p>De conformitat amb el que disposa la normativa vigent en protecci\u00f3 de dades personals al Reglament (UE) 2016\/679 de 27 d&#8217;abril de 2016 (RGPD), us informem que: La visita d&#8217;aquest lloc web no suposa que l&#8217;usuari estigui obligat a facilitar cap informaci\u00f3 sobre si mateix. Tot i aix\u00f2, durant la visita es podrien sol\u00b7licitar dades [&hellip;]<\/p>\n","protected":false},"author":1,"featured_media":0,"parent":0,"menu_order":0,"comment_status":"closed","ping_status":"closed","template":"","meta":{"footnotes":""},"class_list":["post-1952","page","type-page","status-publish","hentry"],"_links":{"self":[{"href":"https:\/\/lafrasera.cat\/ca\/wp-json\/wp\/v2\/pages\/1952","targetHints":{"allow":["GET"]}}],"collection":[{"href":"https:\/\/lafrasera.cat\/ca\/wp-json\/wp\/v2\/pages"}],"about":[{"href":"https:\/\/lafrasera.cat\/ca\/wp-json\/wp\/v2\/types\/page"}],"author":[{"embeddable":true,"href":"https:\/\/lafrasera.cat\/ca\/wp-json\/wp\/v2\/users\/1"}],"replies":[{"embeddable":true,"href":"https:\/\/lafrasera.cat\/ca\/wp-json\/wp\/v2\/comments?post=1952"}],"version-history":[{"count":1,"href":"https:\/\/lafrasera.cat\/ca\/wp-json\/wp\/v2\/pages\/1952\/revisions"}],"predecessor-version":[{"id":1955,"href":"https:\/\/lafrasera.cat\/ca\/wp-json\/wp\/v2\/pages\/1952\/revisions\/1955"}],"wp:attachment":[{"href":"https:\/\/lafrasera.cat\/ca\/wp-json\/wp\/v2\/media?parent=1952"}],"curies":[{"name":"wp","href":"https:\/\/api.w.org\/{rel}","templated":true}]}}