{"id":1984,"date":"2024-12-10T10:09:42","date_gmt":"2024-12-10T09:09:42","guid":{"rendered":"https:\/\/lafrasera.cat\/activitats\/noces\/"},"modified":"2025-04-02T20:28:45","modified_gmt":"2025-04-02T18:28:45","slug":"noces","status":"publish","type":"page","link":"https:\/\/lafrasera.cat\/ca\/activitats\/noces\/","title":{"rendered":"Noces"},"content":{"rendered":"\t\t<div data-elementor-type=\"wp-page\" data-elementor-id=\"1984\" class=\"elementor elementor-1984 elementor-189\" data-elementor-post-type=\"page\">\n\t\t\t\t<div class=\"elementor-element elementor-element-c3510e5 e-flex e-con-boxed e-con e-parent\" data-id=\"c3510e5\" data-element_type=\"container\" data-e-type=\"container\" data-settings=\"{&quot;background_background&quot;:&quot;classic&quot;}\">\n\t\t\t\t\t<div class=\"e-con-inner\">\n\t\t\t\t<div class=\"elementor-element elementor-element-70181fa5 elementor-widget elementor-widget-heading\" data-id=\"70181fa5\" data-element_type=\"widget\" data-e-type=\"widget\" data-widget_type=\"heading.default\">\n\t\t\t\t<div class=\"elementor-widget-container\">\n\t\t\t\t\t<p class=\"elementor-heading-title elementor-size-default\">Activitats<\/p>\t\t\t\t<\/div>\n\t\t\t\t<\/div>\n\t\t\t\t<div class=\"elementor-element elementor-element-5c5a8dc6 elementor-widget-divider--view-line elementor-widget elementor-widget-divider\" data-id=\"5c5a8dc6\" data-element_type=\"widget\" data-e-type=\"widget\" data-widget_type=\"divider.default\">\n\t\t\t\t<div class=\"elementor-widget-container\">\n\t\t\t\t\t\t\t<div class=\"elementor-divider\">\n\t\t\t<span class=\"elementor-divider-separator\">\n\t\t\t\t\t\t<\/span>\n\t\t<\/div>\n\t\t\t\t\t\t<\/div>\n\t\t\t\t<\/div>\n\t\t\t\t<div class=\"elementor-element elementor-element-7389af92 elementor-widget elementor-widget-heading\" data-id=\"7389af92\" data-element_type=\"widget\" data-e-type=\"widget\" data-widget_type=\"heading.default\">\n\t\t\t\t<div class=\"elementor-widget-container\">\n\t\t\t\t\t<h1 class=\"elementor-heading-title elementor-size-default\">Celebra el teu casament a La Frasera<\/h1>\t\t\t\t<\/div>\n\t\t\t\t<\/div>\n\t\t<div class=\"elementor-element elementor-element-b2c3ef8 e-con-full e-flex e-con e-child\" data-id=\"b2c3ef8\" data-element_type=\"container\" data-e-type=\"container\">\n\t\t\t\t<div class=\"elementor-element elementor-element-5ebcaccf elementor-widget elementor-widget-text-editor\" data-id=\"5ebcaccf\" data-element_type=\"widget\" data-e-type=\"widget\" data-widget_type=\"text-editor.default\">\n\t\t\t\t<div class=\"elementor-widget-container\">\n\t\t\t\t\t\t\t\t\t<p>Celebra el teu casament a La Frasera, una masia del segle XVI ubicada en un entorn natural privilegiat a Vacarisses. Oferim diverses opcions per adaptar-nos a les teves necessitats i fer de la teva celebraci\u00f3 un esdeveniment inoblidable. <\/p>\t\t\t\t\t\t\t\t<\/div>\n\t\t\t\t<\/div>\n\t\t\t\t<\/div>\n\t\t\t\t\t<\/div>\n\t\t\t\t<\/div>\n\t\t<div class=\"elementor-element elementor-element-43527a3 e-flex e-con-boxed e-con e-parent\" data-id=\"43527a3\" data-element_type=\"container\" data-e-type=\"container\" data-settings=\"{&quot;background_background&quot;:&quot;classic&quot;}\">\n\t\t\t\t\t<div class=\"e-con-inner\">\n\t\t<div class=\"elementor-element elementor-element-70308a9c e-con-full e-flex e-con e-child\" data-id=\"70308a9c\" data-element_type=\"container\" data-e-type=\"container\">\n\t\t\t\t<div class=\"elementor-element elementor-element-6488bf82 elementor-widget elementor-widget-text-editor\" data-id=\"6488bf82\" data-element_type=\"widget\" data-e-type=\"widget\" data-widget_type=\"text-editor.default\">\n\t\t\t\t<div class=\"elementor-widget-container\">\n\t\t\t\t\t\t\t\t\t<h2>Opcions de lloguer:<\/h2><ul><li><strong>Lloguer complet de la masia:<\/strong> Reserva amb antelaci\u00f3 i gaudeix de l&#8217;exclusivitat de les nostres instal\u00b7lacions, que inclouen 10 habitacions dobles amb bany privat i un apartament familiar totalment equipat. Aquesta opci\u00f3 \u00e9s ideal per allotjar els teus convidats i celebrar el casament en un ambient \u00edntim i privat. <\/li><li><strong>Lloguer de l&#8217;Apartament 2 amb jard\u00ed:<\/strong> Si no requereixes l&#8217;allotjament complet, pots optar per llogar el nostre Apartament 2, que compta amb un ampli jard\u00ed perfecte per a la cerim\u00f2nia i el banquet. Aquest espai exterior permet la instal\u00b7laci\u00f3 de taules, cadires i decoraci\u00f3 personalitzada segons les teves prefer\u00e8ncies. <\/li><\/ul><p> <\/p>\t\t\t\t\t\t\t\t<\/div>\n\t\t\t\t<\/div>\n\t\t\t\t<div class=\"elementor-element elementor-element-455d03f7 elementor-widget-divider--view-line elementor-widget elementor-widget-divider\" data-id=\"455d03f7\" data-element_type=\"widget\" data-e-type=\"widget\" data-widget_type=\"divider.default\">\n\t\t\t\t<div class=\"elementor-widget-container\">\n\t\t\t\t\t\t\t<div class=\"elementor-divider\">\n\t\t\t<span class=\"elementor-divider-separator\">\n\t\t\t\t\t\t<\/span>\n\t\t<\/div>\n\t\t\t\t\t\t<\/div>\n\t\t\t\t<\/div>\n\t\t\t\t<div class=\"elementor-element elementor-element-72769480 elementor-widget elementor-widget-text-editor\" data-id=\"72769480\" data-element_type=\"widget\" data-e-type=\"widget\" data-widget_type=\"text-editor.default\">\n\t\t\t\t<div class=\"elementor-widget-container\">\n\t\t\t\t\t\t\t\t\t<h3>Serveis addicionals:<\/h3><ul><li><strong>Gastronomia<\/strong>: Oferim serveis de cuina propis o la possibilitat de contractar un c\u00e0tering extern de la teva elecci\u00f3, garantint una experi\u00e8ncia culin\u00e0ria adaptada als teus gustos i necessitats.<\/li><li><strong>Transport<\/strong>: Disposem d&#8217;una furgoneta per facilitar el trasllat de convidats o materials necessaris per a l&#8217;esdeveniment, assegurant una log\u00edstica eficient i c\u00f2moda.<\/li><\/ul>\t\t\t\t\t\t\t\t<\/div>\n\t\t\t\t<\/div>\n\t\t\t\t<div class=\"elementor-element elementor-element-2ed8fdc1 elementor-widget-divider--view-line elementor-widget elementor-widget-divider\" data-id=\"2ed8fdc1\" data-element_type=\"widget\" data-e-type=\"widget\" data-widget_type=\"divider.default\">\n\t\t\t\t<div class=\"elementor-widget-container\">\n\t\t\t\t\t\t\t<div class=\"elementor-divider\">\n\t\t\t<span class=\"elementor-divider-separator\">\n\t\t\t\t\t\t<\/span>\n\t\t<\/div>\n\t\t\t\t\t\t<\/div>\n\t\t\t\t<\/div>\n\t\t\t\t<div class=\"elementor-element elementor-element-6165f0a9 elementor-widget elementor-widget-text-editor\" data-id=\"6165f0a9\" data-element_type=\"widget\" data-e-type=\"widget\" data-widget_type=\"text-editor.default\">\n\t\t\t\t<div class=\"elementor-widget-container\">\n\t\t\t\t\t\t\t\t\t<h3>Personalitzaci\u00f3 de l&#8217;esdeveniment<\/h3>\nA La Frasera, entenem la import\u00e0ncia que cada casament reflecteixi la personalitat dels nuvis. Per aix\u00f2, brindem la llibertat de decorar els espais segons els teus desitjos, creant un ambient \u00fanic i especial per a la teva celebraci\u00f3. \t\t\t\t\t\t\t\t<\/div>\n\t\t\t\t<\/div>\n\t\t\t\t<\/div>\n\t\t\t\t\t<\/div>\n\t\t\t\t<\/div>\n\t\t<div class=\"elementor-element elementor-element-23fe11d9 e-flex e-con-boxed e-con e-parent\" data-id=\"23fe11d9\" data-element_type=\"container\" data-e-type=\"container\" data-settings=\"{&quot;background_background&quot;:&quot;classic&quot;}\">\n\t\t\t\t\t<div class=\"e-con-inner\">\n\t\t\t\t<div class=\"elementor-element elementor-element-55d6f533 elementor-widget__width-auto elementor-widget elementor-widget-image\" data-id=\"55d6f533\" data-element_type=\"widget\" data-e-type=\"widget\" data-widget_type=\"image.default\">\n\t\t\t\t<div class=\"elementor-widget-container\">\n\t\t\t\t\t\t\t\t\t\t\t\t\t\t\t<img decoding=\"async\" width=\"171\" height=\"170\" src=\"https:\/\/lafrasera.cat\/wp-content\/uploads\/2024\/12\/icono-frasera.png\" class=\"attachment-large size-large wp-image-1253\" alt=\"\" srcset=\"https:\/\/lafrasera.cat\/wp-content\/uploads\/2024\/12\/icono-frasera.png 171w, https:\/\/lafrasera.cat\/wp-content\/uploads\/2024\/12\/icono-frasera-150x150.png 150w\" sizes=\"(max-width: 171px) 100vw, 171px\" \/>\t\t\t\t\t\t\t\t\t\t\t\t\t\t\t<\/div>\n\t\t\t\t<\/div>\n\t\t<div class=\"elementor-element elementor-element-251fd5b6 e-con-full e-flex e-con e-child\" data-id=\"251fd5b6\" data-element_type=\"container\" data-e-type=\"container\">\n\t\t\t\t<div class=\"elementor-element elementor-element-4a71f5c0 elementor-widget__width-auto elementor-widget elementor-widget-heading\" data-id=\"4a71f5c0\" data-element_type=\"widget\" data-e-type=\"widget\" data-widget_type=\"heading.default\">\n\t\t\t\t<div class=\"elementor-widget-container\">\n\t\t\t\t\t<h2 class=\"elementor-heading-title elementor-size-default\">Demana informaci\u00f3!<\/h2>\t\t\t\t<\/div>\n\t\t\t\t<\/div>\n\t\t\t\t<div class=\"elementor-element elementor-element-6353cbb5 elementor-widget elementor-widget-text-editor\" data-id=\"6353cbb5\" data-element_type=\"widget\" data-e-type=\"widget\" data-widget_type=\"text-editor.default\">\n\t\t\t\t<div class=\"elementor-widget-container\">\n\t\t\t\t\t\t\t\t\t<p>Per a m\u00e9s informaci\u00f3 o per fer una reserva, us convidem a contactar-nos.<\/p>\t\t\t\t\t\t\t\t<\/div>\n\t\t\t\t<\/div>\n\t\t<div class=\"elementor-element elementor-element-4c3b0f02 e-con-full e-flex e-con e-child\" data-id=\"4c3b0f02\" data-element_type=\"container\" data-e-type=\"container\">\n\t\t\t\t<div class=\"elementor-element elementor-element-3b71b4be elementor-widget__width-auto elementor-widget elementor-widget-button\" data-id=\"3b71b4be\" data-element_type=\"widget\" data-e-type=\"widget\" data-widget_type=\"button.default\">\n\t\t\t\t<div class=\"elementor-widget-container\">\n\t\t\t\t\t\t\t\t\t<div class=\"elementor-button-wrapper\">\n\t\t\t\t\t<a class=\"elementor-button elementor-button-link elementor-size-sm\" href=\"https:\/\/lafrasera.cat\/ca\/contacte\/\">\n\t\t\t\t\t\t<span class=\"elementor-button-content-wrapper\">\n\t\t\t\t\t\t<span class=\"elementor-button-icon\">\n\t\t\t\t<svg aria-hidden=\"true\" class=\"e-font-icon-svg e-fas-arrow-right\" viewBox=\"0 0 448 512\" xmlns=\"http:\/\/www.w3.org\/2000\/svg\"><path d=\"M190.5 66.9l22.2-22.2c9.4-9.4 24.6-9.4 33.9 0L441 239c9.4 9.4 9.4 24.6 0 33.9L246.6 467.3c-9.4 9.4-24.6 9.4-33.9 0l-22.2-22.2c-9.5-9.5-9.3-25 .4-34.3L311.4 296H24c-13.3 0-24-10.7-24-24v-32c0-13.3 10.7-24 24-24h287.4L190.9 101.2c-9.8-9.3-10-24.8-.4-34.3z\"><\/path><\/svg>\t\t\t<\/span>\n\t\t\t\t\t\t\t\t\t<span class=\"elementor-button-text\">Contactar<\/span>\n\t\t\t\t\t<\/span>\n\t\t\t\t\t<\/a>\n\t\t\t\t<\/div>\n\t\t\t\t\t\t\t\t<\/div>\n\t\t\t\t<\/div>\n\t\t\t\t<\/div>\n\t\t\t\t<\/div>\n\t\t\t\t\t<\/div>\n\t\t\t\t<\/div>\n\t\t\t\t<\/div>\n\t\t","protected":false},"excerpt":{"rendered":"<p>Activitats Celebra el teu casament a La Frasera Celebra el teu casament a La Frasera, una masia del segle XVI ubicada en un entorn natural privilegiat a Vacarisses. Oferim diverses opcions per adaptar-nos a les teves necessitats i fer de la teva celebraci\u00f3 un esdeveniment inoblidable. Opcions de lloguer: Lloguer complet de la masia: Reserva [&hellip;]<\/p>\n","protected":false},"author":1,"featured_media":0,"parent":1797,"menu_order":0,"comment_status":"closed","ping_status":"closed","template":"","meta":{"footnotes":""},"class_list":["post-1984","page","type-page","status-publish","hentry"],"_links":{"self":[{"href":"https:\/\/lafrasera.cat\/ca\/wp-json\/wp\/v2\/pages\/1984","targetHints":{"allow":["GET"]}}],"collection":[{"href":"https:\/\/lafrasera.cat\/ca\/wp-json\/wp\/v2\/pages"}],"about":[{"href":"https:\/\/lafrasera.cat\/ca\/wp-json\/wp\/v2\/types\/page"}],"author":[{"embeddable":true,"href":"https:\/\/lafrasera.cat\/ca\/wp-json\/wp\/v2\/users\/1"}],"replies":[{"embeddable":true,"href":"https:\/\/lafrasera.cat\/ca\/wp-json\/wp\/v2\/comments?post=1984"}],"version-history":[{"count":3,"href":"https:\/\/lafrasera.cat\/ca\/wp-json\/wp\/v2\/pages\/1984\/revisions"}],"predecessor-version":[{"id":2314,"href":"https:\/\/lafrasera.cat\/ca\/wp-json\/wp\/v2\/pages\/1984\/revisions\/2314"}],"up":[{"embeddable":true,"href":"https:\/\/lafrasera.cat\/ca\/wp-json\/wp\/v2\/pages\/1797"}],"wp:attachment":[{"href":"https:\/\/lafrasera.cat\/ca\/wp-json\/wp\/v2\/media?parent=1984"}],"curies":[{"name":"wp","href":"https:\/\/api.w.org\/{rel}","templated":true}]}}