{"id":1999,"date":"2024-12-10T10:09:32","date_gmt":"2024-12-10T09:09:32","guid":{"rendered":"https:\/\/lafrasera.cat\/activitats\/aniversaris\/"},"modified":"2025-04-02T20:31:08","modified_gmt":"2025-04-02T18:31:08","slug":"aniversaris","status":"publish","type":"page","link":"https:\/\/lafrasera.cat\/ca\/activitats\/aniversaris\/","title":{"rendered":"Aniversaris"},"content":{"rendered":"\t\t<div data-elementor-type=\"wp-page\" data-elementor-id=\"1999\" class=\"elementor elementor-1999 elementor-188\" data-elementor-post-type=\"page\">\n\t\t\t\t<div class=\"elementor-element elementor-element-6d820a32 e-flex e-con-boxed e-con e-parent\" data-id=\"6d820a32\" data-element_type=\"container\" data-e-type=\"container\" data-settings=\"{&quot;background_background&quot;:&quot;classic&quot;}\">\n\t\t\t\t\t<div class=\"e-con-inner\">\n\t\t\t\t<div class=\"elementor-element elementor-element-ac2a45d elementor-widget elementor-widget-heading\" data-id=\"ac2a45d\" data-element_type=\"widget\" data-e-type=\"widget\" data-widget_type=\"heading.default\">\n\t\t\t\t<div class=\"elementor-widget-container\">\n\t\t\t\t\t<p class=\"elementor-heading-title elementor-size-default\">Activitats<\/p>\t\t\t\t<\/div>\n\t\t\t\t<\/div>\n\t\t\t\t<div class=\"elementor-element elementor-element-1686b2f2 elementor-widget-divider--view-line elementor-widget elementor-widget-divider\" data-id=\"1686b2f2\" data-element_type=\"widget\" data-e-type=\"widget\" data-widget_type=\"divider.default\">\n\t\t\t\t<div class=\"elementor-widget-container\">\n\t\t\t\t\t\t\t<div class=\"elementor-divider\">\n\t\t\t<span class=\"elementor-divider-separator\">\n\t\t\t\t\t\t<\/span>\n\t\t<\/div>\n\t\t\t\t\t\t<\/div>\n\t\t\t\t<\/div>\n\t\t\t\t<div class=\"elementor-element elementor-element-774645bf elementor-widget elementor-widget-heading\" data-id=\"774645bf\" data-element_type=\"widget\" data-e-type=\"widget\" data-widget_type=\"heading.default\">\n\t\t\t\t<div class=\"elementor-widget-container\">\n\t\t\t\t\t<h1 class=\"elementor-heading-title elementor-size-default\">Celebra el teu aniversari a La Frasera<span style=\"color: var( --e-global-color-b120f2d );font-family: var( --e-global-typography-33d6741-font-family ), Sans-serif;font-size: var( --e-global-typography-33d6741-font-size );font-weight: var( --e-global-typography-33d6741-font-weight )\"><\/span><\/h1>\t\t\t\t<\/div>\n\t\t\t\t<\/div>\n\t\t<div class=\"elementor-element elementor-element-486cee1e e-con-full e-flex e-con e-child\" data-id=\"486cee1e\" data-element_type=\"container\" data-e-type=\"container\">\n\t\t\t\t<div class=\"elementor-element elementor-element-5ad52b9e elementor-widget elementor-widget-text-editor\" data-id=\"5ad52b9e\" data-element_type=\"widget\" data-e-type=\"widget\" data-widget_type=\"text-editor.default\">\n\t\t\t\t<div class=\"elementor-widget-container\">\n\t\t\t\t\t\t\t\t\t<p>Un aniversari \u00e9s l&#8217;oportunitat perfecta per reunir familiars i amics en un entorn especial. A La Frasera, posem a la vostra disposici\u00f3 un espai \u00fanic on podreu celebrar des de festes \u00edntimes fins a grans trobades a l&#8217;aire lliure. <\/p>\t\t\t\t\t\t\t\t<\/div>\n\t\t\t\t<\/div>\n\t\t\t\t<\/div>\n\t\t\t\t\t<\/div>\n\t\t\t\t<\/div>\n\t\t<div class=\"elementor-element elementor-element-38fbc84b e-flex e-con-boxed e-con e-parent\" data-id=\"38fbc84b\" data-element_type=\"container\" data-e-type=\"container\" data-settings=\"{&quot;background_background&quot;:&quot;classic&quot;}\">\n\t\t\t\t\t<div class=\"e-con-inner\">\n\t\t<div class=\"elementor-element elementor-element-5878d983 e-con-full e-flex e-con e-child\" data-id=\"5878d983\" data-element_type=\"container\" data-e-type=\"container\">\n\t\t\t\t<div class=\"elementor-element elementor-element-2e4d2878 elementor-widget elementor-widget-text-editor\" data-id=\"2e4d2878\" data-element_type=\"widget\" data-e-type=\"widget\" data-widget_type=\"text-editor.default\">\n\t\t\t\t<div class=\"elementor-widget-container\">\n\t\t\t\t\t\t\t\t\t<h3>Diferents opcions per a la teva celebraci\u00f3<\/h3><h4>Reserva tota la masia<\/h4><p>Si desitges una celebraci\u00f3 privada i exclusiva, pots reservar la masia totalment. Amb capacitat per allotjar els teus convidats a les seves 10 habitacions dobles i un apartament completament equipat, aquesta opci\u00f3 permet combinar estada i celebraci\u00f3 en un mateix lloc. <\/p><p> <\/p><h4>Apartament amb jard\u00ed<\/h4><p>  Per a celebracions m\u00e9s redu\u00efdes, podeu llogar l&#8217;Apartament 2, que compta amb un ampli jard\u00ed perfecte per muntar taules, cadires i decoracions personalitzades. Aquest espai \u00e9s ideal per a festes exteriors, oferint comoditat i llibertat per organitzar l&#8217;esdeveniment a la teva manera. <\/p>\t\t\t\t\t\t\t\t<\/div>\n\t\t\t\t<\/div>\n\t\t\t\t<div class=\"elementor-element elementor-element-53b17299 elementor-widget-divider--view-line elementor-widget elementor-widget-divider\" data-id=\"53b17299\" data-element_type=\"widget\" data-e-type=\"widget\" data-widget_type=\"divider.default\">\n\t\t\t\t<div class=\"elementor-widget-container\">\n\t\t\t\t\t\t\t<div class=\"elementor-divider\">\n\t\t\t<span class=\"elementor-divider-separator\">\n\t\t\t\t\t\t<\/span>\n\t\t<\/div>\n\t\t\t\t\t\t<\/div>\n\t\t\t\t<\/div>\n\t\t\t\t<div class=\"elementor-element elementor-element-064b020 elementor-widget elementor-widget-text-editor\" data-id=\"064b020\" data-element_type=\"widget\" data-e-type=\"widget\" data-widget_type=\"text-editor.default\">\n\t\t\t\t<div class=\"elementor-widget-container\">\n\t\t\t\t\t\t\t\t\t<h3>Serveis per a la teva celebraci\u00f3<\/h3>\n<ul>\n \t<li><strong>Gastronomia<\/strong>: Pots optar pel nostre servei de cuina o, si ho prefereixes, contractar un c\u00e0tering extern que s&#8217;ajusti a les teves prefer\u00e8ncies. Tu decideixes l&#8217;estil gastron\u00f2mic de la celebraci\u00f3. <\/li>\n \t<li><strong>Transport<\/strong>: Per a m\u00e9s comoditat, oferim un servei de transport amb furgoneta, assegurant que tots els assistents arribin sense preocupacions.<\/li>\n<\/ul>\t\t\t\t\t\t\t\t<\/div>\n\t\t\t\t<\/div>\n\t\t\t\t<\/div>\n\t\t\t\t\t<\/div>\n\t\t\t\t<\/div>\n\t\t<div class=\"elementor-element elementor-element-7c6da36 e-flex e-con-boxed e-con e-parent\" data-id=\"7c6da36\" data-element_type=\"container\" data-e-type=\"container\" data-settings=\"{&quot;background_background&quot;:&quot;classic&quot;}\">\n\t\t\t\t\t<div class=\"e-con-inner\">\n\t\t\t\t<div class=\"elementor-element elementor-element-8cb5b83 elementor-widget__width-auto elementor-widget elementor-widget-image\" data-id=\"8cb5b83\" data-element_type=\"widget\" data-e-type=\"widget\" data-widget_type=\"image.default\">\n\t\t\t\t<div class=\"elementor-widget-container\">\n\t\t\t\t\t\t\t\t\t\t\t\t\t\t\t<img decoding=\"async\" width=\"171\" height=\"170\" src=\"https:\/\/lafrasera.cat\/wp-content\/uploads\/2024\/12\/icono-frasera.png\" class=\"attachment-large size-large wp-image-1253\" alt=\"\" srcset=\"https:\/\/lafrasera.cat\/wp-content\/uploads\/2024\/12\/icono-frasera.png 171w, https:\/\/lafrasera.cat\/wp-content\/uploads\/2024\/12\/icono-frasera-150x150.png 150w\" sizes=\"(max-width: 171px) 100vw, 171px\" \/>\t\t\t\t\t\t\t\t\t\t\t\t\t\t\t<\/div>\n\t\t\t\t<\/div>\n\t\t<div class=\"elementor-element elementor-element-c66e7c6 e-con-full e-flex e-con e-child\" data-id=\"c66e7c6\" data-element_type=\"container\" data-e-type=\"container\">\n\t\t\t\t<div class=\"elementor-element elementor-element-1a1fc2a elementor-widget__width-auto elementor-widget elementor-widget-heading\" data-id=\"1a1fc2a\" data-element_type=\"widget\" data-e-type=\"widget\" data-widget_type=\"heading.default\">\n\t\t\t\t<div class=\"elementor-widget-container\">\n\t\t\t\t\t<h2 class=\"elementor-heading-title elementor-size-default\">Demana informaci\u00f3!<\/h2>\t\t\t\t<\/div>\n\t\t\t\t<\/div>\n\t\t\t\t<div class=\"elementor-element elementor-element-b352e8d elementor-widget elementor-widget-text-editor\" data-id=\"b352e8d\" data-element_type=\"widget\" data-e-type=\"widget\" data-widget_type=\"text-editor.default\">\n\t\t\t\t<div class=\"elementor-widget-container\">\n\t\t\t\t\t\t\t\t\t<p>Contacta amb nosaltres amb antelaci\u00f3 per con\u00e8ixer disponibilitat.<\/p>\t\t\t\t\t\t\t\t<\/div>\n\t\t\t\t<\/div>\n\t\t<div class=\"elementor-element elementor-element-2d40450 e-con-full e-flex e-con e-child\" data-id=\"2d40450\" data-element_type=\"container\" data-e-type=\"container\">\n\t\t\t\t<div class=\"elementor-element elementor-element-c3bb5cb elementor-widget__width-auto elementor-widget elementor-widget-button\" data-id=\"c3bb5cb\" data-element_type=\"widget\" data-e-type=\"widget\" data-widget_type=\"button.default\">\n\t\t\t\t<div class=\"elementor-widget-container\">\n\t\t\t\t\t\t\t\t\t<div class=\"elementor-button-wrapper\">\n\t\t\t\t\t<a class=\"elementor-button elementor-button-link elementor-size-sm\" href=\"https:\/\/lafrasera.cat\/ca\/contacte\/\">\n\t\t\t\t\t\t<span class=\"elementor-button-content-wrapper\">\n\t\t\t\t\t\t<span class=\"elementor-button-icon\">\n\t\t\t\t<svg aria-hidden=\"true\" class=\"e-font-icon-svg e-fas-arrow-right\" viewBox=\"0 0 448 512\" xmlns=\"http:\/\/www.w3.org\/2000\/svg\"><path d=\"M190.5 66.9l22.2-22.2c9.4-9.4 24.6-9.4 33.9 0L441 239c9.4 9.4 9.4 24.6 0 33.9L246.6 467.3c-9.4 9.4-24.6 9.4-33.9 0l-22.2-22.2c-9.5-9.5-9.3-25 .4-34.3L311.4 296H24c-13.3 0-24-10.7-24-24v-32c0-13.3 10.7-24 24-24h287.4L190.9 101.2c-9.8-9.3-10-24.8-.4-34.3z\"><\/path><\/svg>\t\t\t<\/span>\n\t\t\t\t\t\t\t\t\t<span class=\"elementor-button-text\">Contactar<\/span>\n\t\t\t\t\t<\/span>\n\t\t\t\t\t<\/a>\n\t\t\t\t<\/div>\n\t\t\t\t\t\t\t\t<\/div>\n\t\t\t\t<\/div>\n\t\t\t\t<\/div>\n\t\t\t\t<\/div>\n\t\t\t\t\t<\/div>\n\t\t\t\t<\/div>\n\t\t\t\t<\/div>\n\t\t","protected":false},"excerpt":{"rendered":"<p>Activitats Celebra el teu aniversari a La Frasera Un aniversari \u00e9s l&#8217;oportunitat perfecta per reunir familiars i amics en un entorn especial. A La Frasera, posem a la vostra disposici\u00f3 un espai \u00fanic on podreu celebrar des de festes \u00edntimes fins a grans trobades a l&#8217;aire lliure. Diferents opcions per a la teva celebraci\u00f3 Reserva [&hellip;]<\/p>\n","protected":false},"author":1,"featured_media":0,"parent":1797,"menu_order":0,"comment_status":"closed","ping_status":"closed","template":"","meta":{"footnotes":""},"class_list":["post-1999","page","type-page","status-publish","hentry"],"_links":{"self":[{"href":"https:\/\/lafrasera.cat\/ca\/wp-json\/wp\/v2\/pages\/1999","targetHints":{"allow":["GET"]}}],"collection":[{"href":"https:\/\/lafrasera.cat\/ca\/wp-json\/wp\/v2\/pages"}],"about":[{"href":"https:\/\/lafrasera.cat\/ca\/wp-json\/wp\/v2\/types\/page"}],"author":[{"embeddable":true,"href":"https:\/\/lafrasera.cat\/ca\/wp-json\/wp\/v2\/users\/1"}],"replies":[{"embeddable":true,"href":"https:\/\/lafrasera.cat\/ca\/wp-json\/wp\/v2\/comments?post=1999"}],"version-history":[{"count":3,"href":"https:\/\/lafrasera.cat\/ca\/wp-json\/wp\/v2\/pages\/1999\/revisions"}],"predecessor-version":[{"id":2318,"href":"https:\/\/lafrasera.cat\/ca\/wp-json\/wp\/v2\/pages\/1999\/revisions\/2318"}],"up":[{"embeddable":true,"href":"https:\/\/lafrasera.cat\/ca\/wp-json\/wp\/v2\/pages\/1797"}],"wp:attachment":[{"href":"https:\/\/lafrasera.cat\/ca\/wp-json\/wp\/v2\/media?parent=1999"}],"curies":[{"name":"wp","href":"https:\/\/api.w.org\/{rel}","templated":true}]}}