{"id":2012,"date":"2024-12-10T10:11:57","date_gmt":"2024-12-10T09:11:57","guid":{"rendered":"https:\/\/lafrasera.cat\/activitats\/trekking-a-montserrat\/"},"modified":"2025-04-02T20:23:53","modified_gmt":"2025-04-02T18:23:53","slug":"trekking-a-montserrat","status":"publish","type":"page","link":"https:\/\/lafrasera.cat\/ca\/activitats\/trekking-a-montserrat\/","title":{"rendered":"Trekking a Montserrat"},"content":{"rendered":"\t\t<div data-elementor-type=\"wp-page\" data-elementor-id=\"2012\" class=\"elementor elementor-2012 elementor-187\" data-elementor-post-type=\"page\">\n\t\t\t\t<div class=\"elementor-element elementor-element-1ac2359e e-flex e-con-boxed e-con e-parent\" data-id=\"1ac2359e\" data-element_type=\"container\" data-e-type=\"container\" data-settings=\"{&quot;background_background&quot;:&quot;classic&quot;}\">\n\t\t\t\t\t<div class=\"e-con-inner\">\n\t\t\t\t<div class=\"elementor-element elementor-element-5e0a3eaa elementor-widget elementor-widget-heading\" data-id=\"5e0a3eaa\" data-element_type=\"widget\" data-e-type=\"widget\" data-widget_type=\"heading.default\">\n\t\t\t\t<div class=\"elementor-widget-container\">\n\t\t\t\t\t<p class=\"elementor-heading-title elementor-size-default\">Activitats<\/p>\t\t\t\t<\/div>\n\t\t\t\t<\/div>\n\t\t\t\t<div class=\"elementor-element elementor-element-3963b80c elementor-widget-divider--view-line elementor-widget elementor-widget-divider\" data-id=\"3963b80c\" data-element_type=\"widget\" data-e-type=\"widget\" data-widget_type=\"divider.default\">\n\t\t\t\t<div class=\"elementor-widget-container\">\n\t\t\t\t\t\t\t<div class=\"elementor-divider\">\n\t\t\t<span class=\"elementor-divider-separator\">\n\t\t\t\t\t\t<\/span>\n\t\t<\/div>\n\t\t\t\t\t\t<\/div>\n\t\t\t\t<\/div>\n\t\t\t\t<div class=\"elementor-element elementor-element-566c387d elementor-widget elementor-widget-heading\" data-id=\"566c387d\" data-element_type=\"widget\" data-e-type=\"widget\" data-widget_type=\"heading.default\">\n\t\t\t\t<div class=\"elementor-widget-container\">\n\t\t\t\t\t<h1 class=\"elementor-heading-title elementor-size-default\">Trekking a Montserrat<\/h1>\t\t\t\t<\/div>\n\t\t\t\t<\/div>\n\t\t<div class=\"elementor-element elementor-element-3560942 e-con-full e-flex e-con e-child\" data-id=\"3560942\" data-element_type=\"container\" data-e-type=\"container\">\n\t\t\t\t<div class=\"elementor-element elementor-element-5468dd19 elementor-widget elementor-widget-text-editor\" data-id=\"5468dd19\" data-element_type=\"widget\" data-e-type=\"widget\" data-widget_type=\"text-editor.default\">\n\t\t\t\t<div class=\"elementor-widget-container\">\n\t\t\t\t\t\t\t\t\t<p>Montserrat, amb les seves singulars formacions rocoses i la seva rica biodiversitat, \u00e9s una destinaci\u00f3 ideal per als amants del senderisme. El Parc Natural de la Muntanya de Montserrat ofereix una \u00e0mplia varietat de rutes que permeten als excursionistes explorar els paisatges \u00fanics i gaudir de vistes panor\u00e0miques.   <\/p>\t\t\t\t\t\t\t\t<\/div>\n\t\t\t\t<\/div>\n\t\t\t\t<\/div>\n\t\t\t\t\t<\/div>\n\t\t\t\t<\/div>\n\t\t<div class=\"elementor-element elementor-element-5bb4728f e-flex e-con-boxed e-con e-parent\" data-id=\"5bb4728f\" data-element_type=\"container\" data-e-type=\"container\" data-settings=\"{&quot;background_background&quot;:&quot;classic&quot;}\">\n\t\t\t\t\t<div class=\"e-con-inner\">\n\t\t<div class=\"elementor-element elementor-element-70b53a56 e-con-full e-flex e-con e-child\" data-id=\"70b53a56\" data-element_type=\"container\" data-e-type=\"container\">\n\t\t\t\t<div class=\"elementor-element elementor-element-6a8ef8ef elementor-widget elementor-widget-text-editor\" data-id=\"6a8ef8ef\" data-element_type=\"widget\" data-e-type=\"widget\" data-widget_type=\"text-editor.default\">\n\t\t\t\t<div class=\"elementor-widget-container\">\n\t\t\t\t\t\t\t\t\t<h3>Ruta des del Monestir de Montserrat a Sant Jeroni:<\/h3><p>Aquesta ruta circular porta els senderistes des del Monestir de Montserrat fins al cim de Sant Jeroni, el punt m\u00e9s alt del mass\u00eds amb 1.236 metres. El recorregut travessa paisatges rocosos i ofereix vistes panor\u00e0miques de Catalunya. <\/p><p><b>Dist\u00e0ncia:<\/b> Aproximadament 13 quil\u00f2metres.<\/p><p><b>Durada:<\/b> Entre 4 i 5 hores.<\/p><p><b>Dificultat:<\/b> Mitjana.<\/p>\t\t\t\t\t\t\t\t<\/div>\n\t\t\t\t<\/div>\n\t\t\t\t<div class=\"elementor-element elementor-element-9934ba2 elementor-widget-divider--view-line elementor-widget elementor-widget-divider\" data-id=\"9934ba2\" data-element_type=\"widget\" data-e-type=\"widget\" data-widget_type=\"divider.default\">\n\t\t\t\t<div class=\"elementor-widget-container\">\n\t\t\t\t\t\t\t<div class=\"elementor-divider\">\n\t\t\t<span class=\"elementor-divider-separator\">\n\t\t\t\t\t\t<\/span>\n\t\t<\/div>\n\t\t\t\t\t\t<\/div>\n\t\t\t\t<\/div>\n\t\t\t\t<div class=\"elementor-element elementor-element-0e0b8c4 elementor-widget elementor-widget-text-editor\" data-id=\"0e0b8c4\" data-element_type=\"widget\" data-e-type=\"widget\" data-widget_type=\"text-editor.default\">\n\t\t\t\t<div class=\"elementor-widget-container\">\n\t\t\t\t\t\t\t\t\t<h3>Cam\u00ed a la Santa Cova de Montserrat:<\/h3><p><b>Descripci\u00f3:<\/b> Aquest sender condueix a la Santa Cova, lloc on, segons la tradici\u00f3, es va trobar la imatge de la Mare de D\u00e9u de Montserrat. El cam\u00ed est\u00e0 adornat amb escultures modernistes que representen els misteris del rosari. <\/p><p><b>Dist\u00e0ncia:<\/b> Uns 2,7 quil\u00f2metres (anada i tornada).<\/p><p><b>Durada:<\/b> Al voltant d&#8217;1 hora.<\/p><p><b>Dificultat:<\/b> F\u00e0cil.<\/p>\t\t\t\t\t\t\t\t<\/div>\n\t\t\t\t<\/div>\n\t\t\t\t<div class=\"elementor-element elementor-element-55cbaee elementor-widget-divider--view-line elementor-widget elementor-widget-divider\" data-id=\"55cbaee\" data-element_type=\"widget\" data-e-type=\"widget\" data-widget_type=\"divider.default\">\n\t\t\t\t<div class=\"elementor-widget-container\">\n\t\t\t\t\t\t\t<div class=\"elementor-divider\">\n\t\t\t<span class=\"elementor-divider-separator\">\n\t\t\t\t\t\t<\/span>\n\t\t<\/div>\n\t\t\t\t\t\t<\/div>\n\t\t\t\t<\/div>\n\t\t\t\t<div class=\"elementor-element elementor-element-e256240 elementor-widget elementor-widget-text-editor\" data-id=\"e256240\" data-element_type=\"widget\" data-e-type=\"widget\" data-widget_type=\"text-editor.default\">\n\t\t\t\t<div class=\"elementor-widget-container\">\n\t\t\t\t\t\t\t\t\t<h3>Sender dels Degotalls:<\/h3>\n<b>Descripci\u00f3:<\/b> Aquest passeig senzill i pr\u00e0cticament planer \u00e9s ideal per a fam\u00edlies. Al llarg del cam\u00ed, podeu observar plaques dedicades a diverses verges i gaudir de vistes panor\u00e0miques de l&#8217;entorn. \n\n<b>Dist\u00e0ncia:<\/b> Aproximadament 3 quil\u00f2metres (anada i tornada).\n\n<b>Durada:<\/b> Prop d&#8217;1 hora.\n\n<b>Dificultat:<\/b> F\u00e0cil.\t\t\t\t\t\t\t\t<\/div>\n\t\t\t\t<\/div>\n\t\t\t\t<div class=\"elementor-element elementor-element-f7d7be9 elementor-widget-divider--view-line elementor-widget elementor-widget-divider\" data-id=\"f7d7be9\" data-element_type=\"widget\" data-e-type=\"widget\" data-widget_type=\"divider.default\">\n\t\t\t\t<div class=\"elementor-widget-container\">\n\t\t\t\t\t\t\t<div class=\"elementor-divider\">\n\t\t\t<span class=\"elementor-divider-separator\">\n\t\t\t\t\t\t<\/span>\n\t\t<\/div>\n\t\t\t\t\t\t<\/div>\n\t\t\t\t<\/div>\n\t\t\t\t<div class=\"elementor-element elementor-element-9bea9bb elementor-widget elementor-widget-text-editor\" data-id=\"9bea9bb\" data-element_type=\"widget\" data-e-type=\"widget\" data-widget_type=\"text-editor.default\">\n\t\t\t\t<div class=\"elementor-widget-container\">\n\t\t\t\t\t\t\t\t\t<h3>Acc\u00e9s a Montserrat des de la Frasera:<\/h3>\n<p>Des de La Frasera, es pot arribar al Monestir de Montserrat amb cotxe <b>en aproximadament 30 minuts.<\/b>&nbsp;<\/p>\t\t\t\t\t\t\t\t<\/div>\n\t\t\t\t<\/div>\n\t\t\t\t<\/div>\n\t\t<div class=\"elementor-element elementor-element-216a25c6 e-con-full e-flex e-con e-child\" data-id=\"216a25c6\" data-element_type=\"container\" data-e-type=\"container\">\n\t\t\t\t<div class=\"elementor-element elementor-element-563e79f3 elementor-widget elementor-widget-gallery\" data-id=\"563e79f3\" data-element_type=\"widget\" data-e-type=\"widget\" data-settings=\"{&quot;columns&quot;:2,&quot;lazyload&quot;:&quot;yes&quot;,&quot;gallery_layout&quot;:&quot;grid&quot;,&quot;columns_tablet&quot;:2,&quot;columns_mobile&quot;:1,&quot;gap&quot;:{&quot;unit&quot;:&quot;px&quot;,&quot;size&quot;:10,&quot;sizes&quot;:[]},&quot;gap_laptop&quot;:{&quot;unit&quot;:&quot;px&quot;,&quot;size&quot;:10,&quot;sizes&quot;:[]},&quot;gap_tablet&quot;:{&quot;unit&quot;:&quot;px&quot;,&quot;size&quot;:10,&quot;sizes&quot;:[]},&quot;gap_mobile&quot;:{&quot;unit&quot;:&quot;px&quot;,&quot;size&quot;:10,&quot;sizes&quot;:[]},&quot;link_to&quot;:&quot;file&quot;,&quot;aspect_ratio&quot;:&quot;3:2&quot;,&quot;overlay_background&quot;:&quot;yes&quot;,&quot;content_hover_animation&quot;:&quot;fade-in&quot;}\" data-widget_type=\"gallery.default\">\n\t\t\t\t<div class=\"elementor-widget-container\">\n\t\t\t\t\t\t\t<div class=\"elementor-gallery__container\">\n\t\t\t\t\t\t\t<a class=\"e-gallery-item elementor-gallery-item elementor-animated-content\" href=\"https:\/\/lafrasera.cat\/wp-content\/uploads\/2025\/03\/funicular-montserrat.jpg\" data-elementor-open-lightbox=\"yes\" data-elementor-lightbox-slideshow=\"563e79f3\" data-e-action-hash=\"#elementor-action%3Aaction%3Dlightbox%26settings%3DeyJpZCI6NzQ5LCJ1cmwiOiJodHRwczpcL1wvbGFmcmFzZXJhLmNhdFwvd3AtY29udGVudFwvdXBsb2Fkc1wvMjAyNVwvMDNcL2Z1bmljdWxhci1tb250c2VycmF0LmpwZyIsInNsaWRlc2hvdyI6IjU2M2U3OWYzIn0%3D\">\n\t\t\t\t\t<div class=\"e-gallery-image elementor-gallery-item__image\" data-thumbnail=\"https:\/\/lafrasera.cat\/wp-content\/uploads\/2025\/03\/funicular-montserrat-768x1117.jpg\" data-width=\"768\" data-height=\"1117\" aria-label=\"\" role=\"img\" ><\/div>\n\t\t\t\t\t\t\t\t\t\t\t<div class=\"elementor-gallery-item__overlay\"><\/div>\n\t\t\t\t\t\t\t\t\t\t\t\t\t\t<\/a>\n\t\t\t\t\t\t\t<a class=\"e-gallery-item elementor-gallery-item elementor-animated-content\" href=\"https:\/\/lafrasera.cat\/wp-content\/uploads\/2025\/03\/alojamiento-rural-la-frasera-00053.jpg\" data-elementor-open-lightbox=\"yes\" data-elementor-lightbox-slideshow=\"563e79f3\" data-e-action-hash=\"#elementor-action%3Aaction%3Dlightbox%26settings%3DeyJpZCI6ODA3LCJ1cmwiOiJodHRwczpcL1wvbGFmcmFzZXJhLmNhdFwvd3AtY29udGVudFwvdXBsb2Fkc1wvMjAyNVwvMDNcL2Fsb2phbWllbnRvLXJ1cmFsLWxhLWZyYXNlcmEtMDAwNTMuanBnIiwic2xpZGVzaG93IjoiNTYzZTc5ZjMifQ%3D%3D\">\n\t\t\t\t\t<div class=\"e-gallery-image elementor-gallery-item__image\" data-thumbnail=\"https:\/\/lafrasera.cat\/wp-content\/uploads\/2025\/03\/alojamiento-rural-la-frasera-00053-768x355.jpg\" data-width=\"768\" data-height=\"355\" aria-label=\"\" role=\"img\" ><\/div>\n\t\t\t\t\t\t\t\t\t\t\t<div class=\"elementor-gallery-item__overlay\"><\/div>\n\t\t\t\t\t\t\t\t\t\t\t\t\t\t<\/a>\n\t\t\t\t\t\t\t<a class=\"e-gallery-item elementor-gallery-item elementor-animated-content\" href=\"https:\/\/lafrasera.cat\/wp-content\/uploads\/2025\/03\/alojamiento-rural-la-frasera-00054.jpg\" data-elementor-open-lightbox=\"yes\" data-elementor-lightbox-slideshow=\"563e79f3\" data-e-action-hash=\"#elementor-action%3Aaction%3Dlightbox%26settings%3DeyJpZCI6ODA4LCJ1cmwiOiJodHRwczpcL1wvbGFmcmFzZXJhLmNhdFwvd3AtY29udGVudFwvdXBsb2Fkc1wvMjAyNVwvMDNcL2Fsb2phbWllbnRvLXJ1cmFsLWxhLWZyYXNlcmEtMDAwNTQuanBnIiwic2xpZGVzaG93IjoiNTYzZTc5ZjMifQ%3D%3D\">\n\t\t\t\t\t<div class=\"e-gallery-image elementor-gallery-item__image\" data-thumbnail=\"https:\/\/lafrasera.cat\/wp-content\/uploads\/2025\/03\/alojamiento-rural-la-frasera-00054-768x512.jpg\" data-width=\"768\" data-height=\"512\" aria-label=\"\" role=\"img\" ><\/div>\n\t\t\t\t\t\t\t\t\t\t\t<div class=\"elementor-gallery-item__overlay\"><\/div>\n\t\t\t\t\t\t\t\t\t\t\t\t\t\t<\/a>\n\t\t\t\t\t<\/div>\n\t\t\t\t\t<\/div>\n\t\t\t\t<\/div>\n\t\t\t\t<\/div>\n\t\t\t\t\t<\/div>\n\t\t\t\t<\/div>\n\t\t<div class=\"elementor-element elementor-element-7a0de70b e-flex e-con-boxed e-con e-parent\" data-id=\"7a0de70b\" data-element_type=\"container\" data-e-type=\"container\" data-settings=\"{&quot;background_background&quot;:&quot;classic&quot;}\">\n\t\t\t\t\t<div class=\"e-con-inner\">\n\t\t\t\t<div class=\"elementor-element elementor-element-360b6617 elementor-widget__width-auto elementor-widget elementor-widget-image\" data-id=\"360b6617\" data-element_type=\"widget\" data-e-type=\"widget\" data-widget_type=\"image.default\">\n\t\t\t\t<div class=\"elementor-widget-container\">\n\t\t\t\t\t\t\t\t\t\t\t\t\t\t\t<img decoding=\"async\" width=\"171\" height=\"170\" src=\"https:\/\/lafrasera.cat\/wp-content\/uploads\/2024\/12\/icono-frasera.png\" class=\"attachment-large size-large wp-image-1253\" alt=\"\" srcset=\"https:\/\/lafrasera.cat\/wp-content\/uploads\/2024\/12\/icono-frasera.png 171w, https:\/\/lafrasera.cat\/wp-content\/uploads\/2024\/12\/icono-frasera-150x150.png 150w\" sizes=\"(max-width: 171px) 100vw, 171px\" \/>\t\t\t\t\t\t\t\t\t\t\t\t\t\t\t<\/div>\n\t\t\t\t<\/div>\n\t\t<div class=\"elementor-element elementor-element-65096931 e-con-full e-flex e-con e-child\" data-id=\"65096931\" data-element_type=\"container\" data-e-type=\"container\">\n\t\t\t\t<div class=\"elementor-element elementor-element-377ee120 elementor-widget__width-auto elementor-widget elementor-widget-heading\" data-id=\"377ee120\" data-element_type=\"widget\" data-e-type=\"widget\" data-widget_type=\"heading.default\">\n\t\t\t\t<div class=\"elementor-widget-container\">\n\t\t\t\t\t<h2 class=\"elementor-heading-title elementor-size-default\">Fes la teva reserva!<\/h2>\t\t\t\t<\/div>\n\t\t\t\t<\/div>\n\t\t\t\t<div class=\"elementor-element elementor-element-2e79f448 elementor-widget elementor-widget-text-editor\" data-id=\"2e79f448\" data-element_type=\"widget\" data-e-type=\"widget\" data-widget_type=\"text-editor.default\">\n\t\t\t\t<div class=\"elementor-widget-container\">\n\t\t\t\t\t\t\t\t\t<p>Explorar Montserrat a trav\u00e9s dels seus senders \u00e9s una experi\u00e8ncia enriquidora que combina natura, cultura i espiritualitat. Ja sigui aconseguint cims, visitant ermites o simplement gaudint del paisatge, cada pas a Montserrat ofereix una connexi\u00f3 \u00fanica amb l&#8217;ess\u00e8ncia de Catalunya. <\/p>\t\t\t\t\t\t\t\t<\/div>\n\t\t\t\t<\/div>\n\t\t<div class=\"elementor-element elementor-element-15234bdf e-con-full e-flex e-con e-child\" data-id=\"15234bdf\" data-element_type=\"container\" data-e-type=\"container\">\n\t\t\t\t<div class=\"elementor-element elementor-element-1ec2d80e elementor-widget__width-auto elementor-widget elementor-widget-button\" data-id=\"1ec2d80e\" data-element_type=\"widget\" data-e-type=\"widget\" data-widget_type=\"button.default\">\n\t\t\t\t<div class=\"elementor-widget-container\">\n\t\t\t\t\t\t\t\t\t<div class=\"elementor-button-wrapper\">\n\t\t\t\t\t<a class=\"elementor-button elementor-button-link elementor-size-sm\" href=\"https:\/\/lafrasera.cat\/ca\/reserves\/\">\n\t\t\t\t\t\t<span class=\"elementor-button-content-wrapper\">\n\t\t\t\t\t\t<span class=\"elementor-button-icon\">\n\t\t\t\t<svg aria-hidden=\"true\" class=\"e-font-icon-svg e-fas-arrow-right\" viewBox=\"0 0 448 512\" xmlns=\"http:\/\/www.w3.org\/2000\/svg\"><path d=\"M190.5 66.9l22.2-22.2c9.4-9.4 24.6-9.4 33.9 0L441 239c9.4 9.4 9.4 24.6 0 33.9L246.6 467.3c-9.4 9.4-24.6 9.4-33.9 0l-22.2-22.2c-9.5-9.5-9.3-25 .4-34.3L311.4 296H24c-13.3 0-24-10.7-24-24v-32c0-13.3 10.7-24 24-24h287.4L190.9 101.2c-9.8-9.3-10-24.8-.4-34.3z\"><\/path><\/svg>\t\t\t<\/span>\n\t\t\t\t\t\t\t\t\t<span class=\"elementor-button-text\">Reservar<\/span>\n\t\t\t\t\t<\/span>\n\t\t\t\t\t<\/a>\n\t\t\t\t<\/div>\n\t\t\t\t\t\t\t\t<\/div>\n\t\t\t\t<\/div>\n\t\t\t\t<div class=\"elementor-element elementor-element-7edf748e elementor-widget__width-auto elementor-widget elementor-widget-button\" data-id=\"7edf748e\" data-element_type=\"widget\" data-e-type=\"widget\" data-widget_type=\"button.default\">\n\t\t\t\t<div class=\"elementor-widget-container\">\n\t\t\t\t\t\t\t\t\t<div class=\"elementor-button-wrapper\">\n\t\t\t\t\t<a class=\"elementor-button elementor-button-link elementor-size-sm\" href=\"https:\/\/lafrasera.cat\/ca\/activitats\/\">\n\t\t\t\t\t\t<span class=\"elementor-button-content-wrapper\">\n\t\t\t\t\t\t<span class=\"elementor-button-icon\">\n\t\t\t\t<svg aria-hidden=\"true\" class=\"e-font-icon-svg e-fas-arrow-right\" viewBox=\"0 0 448 512\" xmlns=\"http:\/\/www.w3.org\/2000\/svg\"><path d=\"M190.5 66.9l22.2-22.2c9.4-9.4 24.6-9.4 33.9 0L441 239c9.4 9.4 9.4 24.6 0 33.9L246.6 467.3c-9.4 9.4-24.6 9.4-33.9 0l-22.2-22.2c-9.5-9.5-9.3-25 .4-34.3L311.4 296H24c-13.3 0-24-10.7-24-24v-32c0-13.3 10.7-24 24-24h287.4L190.9 101.2c-9.8-9.3-10-24.8-.4-34.3z\"><\/path><\/svg>\t\t\t<\/span>\n\t\t\t\t\t\t\t\t\t<span class=\"elementor-button-text\">Descobreix altres activitats<\/span>\n\t\t\t\t\t<\/span>\n\t\t\t\t\t<\/a>\n\t\t\t\t<\/div>\n\t\t\t\t\t\t\t\t<\/div>\n\t\t\t\t<\/div>\n\t\t\t\t<\/div>\n\t\t\t\t<\/div>\n\t\t\t\t\t<\/div>\n\t\t\t\t<\/div>\n\t\t\t\t<\/div>\n\t\t","protected":false},"excerpt":{"rendered":"<p>Activitats Trekking a Montserrat Montserrat, amb les seves singulars formacions rocoses i la seva rica biodiversitat, \u00e9s una destinaci\u00f3 ideal per als amants del senderisme. El Parc Natural de la Muntanya de Montserrat ofereix una \u00e0mplia varietat de rutes que permeten als excursionistes explorar els paisatges \u00fanics i gaudir de vistes panor\u00e0miques. Ruta des del [&hellip;]<\/p>\n","protected":false},"author":1,"featured_media":0,"parent":1797,"menu_order":0,"comment_status":"closed","ping_status":"closed","template":"","meta":{"footnotes":""},"class_list":["post-2012","page","type-page","status-publish","hentry"],"_links":{"self":[{"href":"https:\/\/lafrasera.cat\/ca\/wp-json\/wp\/v2\/pages\/2012","targetHints":{"allow":["GET"]}}],"collection":[{"href":"https:\/\/lafrasera.cat\/ca\/wp-json\/wp\/v2\/pages"}],"about":[{"href":"https:\/\/lafrasera.cat\/ca\/wp-json\/wp\/v2\/types\/page"}],"author":[{"embeddable":true,"href":"https:\/\/lafrasera.cat\/ca\/wp-json\/wp\/v2\/users\/1"}],"replies":[{"embeddable":true,"href":"https:\/\/lafrasera.cat\/ca\/wp-json\/wp\/v2\/comments?post=2012"}],"version-history":[{"count":3,"href":"https:\/\/lafrasera.cat\/ca\/wp-json\/wp\/v2\/pages\/2012\/revisions"}],"predecessor-version":[{"id":2310,"href":"https:\/\/lafrasera.cat\/ca\/wp-json\/wp\/v2\/pages\/2012\/revisions\/2310"}],"up":[{"embeddable":true,"href":"https:\/\/lafrasera.cat\/ca\/wp-json\/wp\/v2\/pages\/1797"}],"wp:attachment":[{"href":"https:\/\/lafrasera.cat\/ca\/wp-json\/wp\/v2\/media?parent=2012"}],"curies":[{"name":"wp","href":"https:\/\/api.w.org\/{rel}","templated":true}]}}