{"id":1943,"date":"2025-03-21T08:42:26","date_gmt":"2025-03-21T07:42:26","guid":{"rendered":"https:\/\/lafrasera.cat\/politica-de-privacidade\/"},"modified":"2025-03-21T11:09:00","modified_gmt":"2025-03-21T10:09:00","slug":"politica-de-privacidade","status":"publish","type":"page","link":"https:\/\/lafrasera.cat\/pt-pt\/politica-de-privacidade\/","title":{"rendered":"Pol\u00edtica de privacidade"},"content":{"rendered":"\t\t<div data-elementor-type=\"wp-page\" data-elementor-id=\"1943\" class=\"elementor elementor-1943 elementor-1222\" data-elementor-post-type=\"page\">\n\t\t\t\t<div class=\"elementor-element elementor-element-63ba75c e-flex e-con-boxed e-con e-parent\" data-id=\"63ba75c\" data-element_type=\"container\" data-e-type=\"container\" data-settings=\"{&quot;background_background&quot;:&quot;classic&quot;}\">\n\t\t\t\t\t<div class=\"e-con-inner\">\n\t\t\t\t<div class=\"elementor-element elementor-element-e4f55a2 elementor-widget elementor-widget-heading\" data-id=\"e4f55a2\" data-element_type=\"widget\" data-e-type=\"widget\" data-widget_type=\"heading.default\">\n\t\t\t\t<div class=\"elementor-widget-container\">\n\t\t\t\t\t<h1 class=\"elementor-heading-title elementor-size-default\">Pol\u00edtica de privacidade<\/h1>\t\t\t\t<\/div>\n\t\t\t\t<\/div>\n\t\t\t\t<div class=\"elementor-element elementor-element-629cd0d elementor-widget elementor-widget-text-editor\" data-id=\"629cd0d\" data-element_type=\"widget\" data-e-type=\"widget\" data-widget_type=\"text-editor.default\">\n\t\t\t\t<div class=\"elementor-widget-container\">\n\t\t\t\t\t\t\t\t\t<p>De acordo com as disposi\u00e7\u00f5es dos regulamentos atuais sobre prote\u00e7\u00e3o de dados pessoais no Regulamento (UE) 2016\/679 de 27 de abril de 2016 (GDPR), informamos-te que:<\/p><p>A visita a este s\u00edtio Web n\u00e3o implica que o utilizador seja obrigado a fornecer qualquer informa\u00e7\u00e3o sobre si pr\u00f3prio. No entanto, durante a visita, poder\u00e3o ser solicitados dados pessoais atrav\u00e9s de formul\u00e1rios para contactar e receber informa\u00e7\u00f5es sobre os servi\u00e7os prestados por A FRASERA ALOJAMIENTO RURAL SL. Se n\u00e3o forneceres os dados assinalados como obrigat\u00f3rios, n\u00e3o poderemos responder ao teu pedido.<\/p><p>Se enviares uma mensagem de correio eletr\u00f3nico com dados pessoais, estes far\u00e3o parte do mesmo tratamento, a fim de gerir o teu pedido ou coment\u00e1rio.<\/p><p>O utilizador que envia informa\u00e7\u00e3o a LA FRASERA ALOJAMIENTO RURAL SL \u00e9 o \u00fanico respons\u00e1vel pela veracidade e corre\u00e7\u00e3o dos dados, exonerando LA FRASERA ALOJAMIENTO RURAL SL de qualquer responsabilidade.<\/p><h2>Informa\u00e7\u00f5es sobre a prote\u00e7\u00e3o de dados<\/h2><h3>Respons\u00e1vel pelo tratamento dos teus dados<\/h3><p><strong>Identidade:<\/strong> LA FRASERA ALOJAMIENTO RURAL SL<\/p><p><strong>N.\u00ba DE IVA:<\/strong> B56911381<\/p><p><strong>Endere\u00e7o:<\/strong> Cam\u00ed de Castellet s\/n, 08233Vacarisses, Barcelona<\/p><p><strong>Telefone:<\/strong> +34 649 58 65 53<\/p><p><strong>Correio eletr\u00f3nico:<\/strong> info@lafrasera.cat<\/p><h3>Finalidade para a qual processamos os teus dados<\/h3><ul><li>Realiza inqu\u00e9ritos de satisfa\u00e7\u00e3o dos clientes relacionados com a qualidade dos servi\u00e7os da empresa.<\/li><li>Envio de comunica\u00e7\u00f5es comerciais e publicidade sobre os servi\u00e7os da empresa (com consentimento expresso).<\/li><\/ul><h3>Legitima\u00e7\u00e3o para o tratamento dos teus dados<\/h3><p>Com base no interesse leg\u00edtimo e no consentimento que d\u00e1s ao aceitar esta pol\u00edtica de privacidade.<\/p><h3>Tempo de reten\u00e7\u00e3o dos dados<\/h3><p>Os dados ser\u00e3o conservados durante o tempo estritamente necess\u00e1rio para cumprir as finalidades indicadas. Em caso de comercializa\u00e7\u00e3o, os dados ser\u00e3o conservados at\u00e9 revogares o teu consentimento.<\/p><h3>Decis\u00f5es<\/h3><p>N\u00e3o ser\u00e3o tomadas decis\u00f5es automatizadas.<\/p><h3>Destinat\u00e1rios<\/h3><p>Os dados podem ser comunicados a terceiros para o cumprimento de obriga\u00e7\u00f5es legais, para a execu\u00e7\u00e3o de ordens de autoridades p\u00fablicas ou para o exerc\u00edcio de um direito da empresa perante as autoridades judiciais.<\/p><h3>Direitos<\/h3><p>Podes exercer os seguintes direitos:<\/p><ul><li><strong>Direito de acesso: para<\/strong> obter informa\u00e7\u00f5es sobre os teus dados tratados.<\/li><li><strong>Direito de retifica\u00e7\u00e3o e apagamento: para<\/strong> solicitar a corre\u00e7\u00e3o de dados inexactos ou o seu apagamento.<\/li><li><strong>Direito de restringir o tratamento: para<\/strong> solicitar a suspens\u00e3o do tratamento quando este for leg\u00edtimo.<\/li><li><strong>Direito \u00e0 portabilidade:<\/strong> receber os teus dados num formato estruturado e transferi-los para outro respons\u00e1vel pelo tratamento de dados.<\/li><li><strong>Direito de oposi\u00e7\u00e3o:<\/strong> opor-se ao tratamento dos teus dados, em especial para fins de marketing.<\/li><\/ul><p>Se considerares que os teus direitos n\u00e3o foram respeitados, podes apresentar uma queixa junto das autoridades de controlo competentes: <a href=\"https:\/\/www.aepd.es\/reglamento\/derechos\/\" target=\"_blank\" rel=\"noopener\">Ag\u00eancia Espanhola de Prote\u00e7\u00e3o de Dados (AEPD)<\/a>.<\/p>\t\t\t\t\t\t\t\t<\/div>\n\t\t\t\t<\/div>\n\t\t\t\t\t<\/div>\n\t\t\t\t<\/div>\n\t\t\t\t<\/div>\n\t\t","protected":false},"excerpt":{"rendered":"<p>De acordo com as disposi\u00e7\u00f5es dos regulamentos atuais sobre prote\u00e7\u00e3o de dados pessoais no Regulamento (UE) 2016\/679 de 27 de abril de 2016 (GDPR), informamos-te que: A visita a este s\u00edtio Web n\u00e3o implica que o utilizador seja obrigado a fornecer qualquer informa\u00e7\u00e3o sobre si pr\u00f3prio. No entanto, durante a visita, poder\u00e3o ser solicitados dados [&hellip;]<\/p>\n","protected":false},"author":1,"featured_media":0,"parent":0,"menu_order":0,"comment_status":"closed","ping_status":"closed","template":"","meta":{"footnotes":""},"class_list":["post-1943","page","type-page","status-publish","hentry"],"_links":{"self":[{"href":"https:\/\/lafrasera.cat\/pt-pt\/wp-json\/wp\/v2\/pages\/1943","targetHints":{"allow":["GET"]}}],"collection":[{"href":"https:\/\/lafrasera.cat\/pt-pt\/wp-json\/wp\/v2\/pages"}],"about":[{"href":"https:\/\/lafrasera.cat\/pt-pt\/wp-json\/wp\/v2\/types\/page"}],"author":[{"embeddable":true,"href":"https:\/\/lafrasera.cat\/pt-pt\/wp-json\/wp\/v2\/users\/1"}],"replies":[{"embeddable":true,"href":"https:\/\/lafrasera.cat\/pt-pt\/wp-json\/wp\/v2\/comments?post=1943"}],"version-history":[{"count":1,"href":"https:\/\/lafrasera.cat\/pt-pt\/wp-json\/wp\/v2\/pages\/1943\/revisions"}],"predecessor-version":[{"id":1945,"href":"https:\/\/lafrasera.cat\/pt-pt\/wp-json\/wp\/v2\/pages\/1943\/revisions\/1945"}],"wp:attachment":[{"href":"https:\/\/lafrasera.cat\/pt-pt\/wp-json\/wp\/v2\/media?parent=1943"}],"curies":[{"name":"wp","href":"https:\/\/api.w.org\/{rel}","templated":true}]}}