{"id":1989,"date":"2024-12-10T10:09:32","date_gmt":"2024-12-10T09:09:32","guid":{"rendered":"https:\/\/lafrasera.cat\/aniversarios\/"},"modified":"2025-03-21T11:09:38","modified_gmt":"2025-03-21T10:09:38","slug":"aniversarios","status":"publish","type":"page","link":"https:\/\/lafrasera.cat\/pt-pt\/actividades\/aniversarios\/","title":{"rendered":"Anivers\u00e1rios"},"content":{"rendered":"\t\t<div data-elementor-type=\"wp-page\" data-elementor-id=\"1989\" class=\"elementor elementor-1989 elementor-188\" data-elementor-post-type=\"page\">\n\t\t\t\t<div class=\"elementor-element elementor-element-6d820a32 e-flex e-con-boxed e-con e-parent\" data-id=\"6d820a32\" data-element_type=\"container\" data-e-type=\"container\" data-settings=\"{&quot;background_background&quot;:&quot;classic&quot;}\">\n\t\t\t\t\t<div class=\"e-con-inner\">\n\t\t\t\t<div class=\"elementor-element elementor-element-ac2a45d elementor-widget elementor-widget-heading\" data-id=\"ac2a45d\" data-element_type=\"widget\" data-e-type=\"widget\" data-widget_type=\"heading.default\">\n\t\t\t\t<div class=\"elementor-widget-container\">\n\t\t\t\t\t<p class=\"elementor-heading-title elementor-size-default\">Actividades<\/p>\t\t\t\t<\/div>\n\t\t\t\t<\/div>\n\t\t\t\t<div class=\"elementor-element elementor-element-1686b2f2 elementor-widget-divider--view-line elementor-widget elementor-widget-divider\" data-id=\"1686b2f2\" data-element_type=\"widget\" data-e-type=\"widget\" data-widget_type=\"divider.default\">\n\t\t\t\t<div class=\"elementor-widget-container\">\n\t\t\t\t\t\t\t<div class=\"elementor-divider\">\n\t\t\t<span class=\"elementor-divider-separator\">\n\t\t\t\t\t\t<\/span>\n\t\t<\/div>\n\t\t\t\t\t\t<\/div>\n\t\t\t\t<\/div>\n\t\t\t\t<div class=\"elementor-element elementor-element-774645bf elementor-widget elementor-widget-heading\" data-id=\"774645bf\" data-element_type=\"widget\" data-e-type=\"widget\" data-widget_type=\"heading.default\">\n\t\t\t\t<div class=\"elementor-widget-container\">\n\t\t\t\t\t<h1 class=\"elementor-heading-title elementor-size-default\">Celebra o teu anivers\u00e1rio em La Frasera<span style=\"color: var( --e-global-color-b120f2d );font-family: var( --e-global-typography-33d6741-font-family ), Sans-serif;font-size: var( --e-global-typography-33d6741-font-size );font-weight: var( --e-global-typography-33d6741-font-weight )\"><\/span><\/h1>\t\t\t\t<\/div>\n\t\t\t\t<\/div>\n\t\t<div class=\"elementor-element elementor-element-486cee1e e-con-full e-flex e-con e-child\" data-id=\"486cee1e\" data-element_type=\"container\" data-e-type=\"container\">\n\t\t\t\t<div class=\"elementor-element elementor-element-5ad52b9e elementor-widget elementor-widget-text-editor\" data-id=\"5ad52b9e\" data-element_type=\"widget\" data-e-type=\"widget\" data-widget_type=\"text-editor.default\">\n\t\t\t\t<div class=\"elementor-widget-container\">\n\t\t\t\t\t\t\t\t\t<p>Um anivers\u00e1rio \u00e9 a oportunidade perfeita para reunir a fam\u00edlia e os amigos num ambiente especial. Em La Frasera, oferecemos-te um espa\u00e7o \u00fanico onde podes celebrar desde festas \u00edntimas a grandes reuni\u00f5es ao ar livre.<\/p>\t\t\t\t\t\t\t\t<\/div>\n\t\t\t\t<\/div>\n\t\t\t\t<\/div>\n\t\t\t\t\t<\/div>\n\t\t\t\t<\/div>\n\t\t<div class=\"elementor-element elementor-element-38fbc84b e-flex e-con-boxed e-con e-parent\" data-id=\"38fbc84b\" data-element_type=\"container\" data-e-type=\"container\" data-settings=\"{&quot;background_background&quot;:&quot;classic&quot;}\">\n\t\t\t\t\t<div class=\"e-con-inner\">\n\t\t<div class=\"elementor-element elementor-element-5878d983 e-con-full e-flex e-con e-child\" data-id=\"5878d983\" data-element_type=\"container\" data-e-type=\"container\">\n\t\t\t\t<div class=\"elementor-element elementor-element-2e4d2878 elementor-widget elementor-widget-text-editor\" data-id=\"2e4d2878\" data-element_type=\"widget\" data-e-type=\"widget\" data-widget_type=\"text-editor.default\">\n\t\t\t\t<div class=\"elementor-widget-container\">\n\t\t\t\t\t\t\t\t\t<h3>Diferentes op\u00e7\u00f5es para a tua festa<\/h3><h4>Reserva toda a casa da quinta<\/h4><p>Se quiseres uma celebra\u00e7\u00e3o privada e exclusiva, podes reservar toda a quinta. Com capacidade para acolher os teus convidados nos seus 10 quartos duplos e um apartamento totalmente equipado, esta op\u00e7\u00e3o permite-te combinar uma estadia e uma festa no mesmo local.<\/p><p> <\/p><h4>Apartamento com jardim<\/h4><p>  Para celebra\u00e7\u00f5es mais pequenas, podes alugar o Apartamento 2, que tem um grande jardim perfeito para colocar mesas, cadeiras e decora\u00e7\u00f5es personalizadas. Este espa\u00e7o \u00e9 ideal para festas ao ar livre, oferecendo conforto e liberdade para organizar o evento \u00e0 tua maneira.<\/p>\t\t\t\t\t\t\t\t<\/div>\n\t\t\t\t<\/div>\n\t\t\t\t<div class=\"elementor-element elementor-element-53b17299 elementor-widget-divider--view-line elementor-widget elementor-widget-divider\" data-id=\"53b17299\" data-element_type=\"widget\" data-e-type=\"widget\" data-widget_type=\"divider.default\">\n\t\t\t\t<div class=\"elementor-widget-container\">\n\t\t\t\t\t\t\t<div class=\"elementor-divider\">\n\t\t\t<span class=\"elementor-divider-separator\">\n\t\t\t\t\t\t<\/span>\n\t\t<\/div>\n\t\t\t\t\t\t<\/div>\n\t\t\t\t<\/div>\n\t\t\t\t<div class=\"elementor-element elementor-element-064b020 elementor-widget elementor-widget-text-editor\" data-id=\"064b020\" data-element_type=\"widget\" data-e-type=\"widget\" data-widget_type=\"text-editor.default\">\n\t\t\t\t<div class=\"elementor-widget-container\">\n\t\t\t\t\t\t\t\t\t<h3>Servi\u00e7os para a tua festa<\/h3>\n<ul>\n \t<li><strong>Gastronomia<\/strong>: Podes optar pelo nosso servi\u00e7o de cozinha ou, se preferires, contratar um servi\u00e7o de catering externo de acordo com as tuas prefer\u00eancias. Tu decides o estilo gastron\u00f3mico da festa.<\/li>\n \t<li><strong>Transporte<\/strong>: Para maior comodidade, oferecemos um servi\u00e7o de transporte em carrinha, garantindo que todos os participantes chegam sem preocupa\u00e7\u00f5es.<\/li>\n<\/ul>\t\t\t\t\t\t\t\t<\/div>\n\t\t\t\t<\/div>\n\t\t\t\t<\/div>\n\t\t\t\t\t<\/div>\n\t\t\t\t<\/div>\n\t\t<div class=\"elementor-element elementor-element-7c6da36 e-flex e-con-boxed e-con e-parent\" data-id=\"7c6da36\" data-element_type=\"container\" data-e-type=\"container\" data-settings=\"{&quot;background_background&quot;:&quot;classic&quot;}\">\n\t\t\t\t\t<div class=\"e-con-inner\">\n\t\t\t\t<div class=\"elementor-element elementor-element-8cb5b83 elementor-widget__width-auto elementor-widget elementor-widget-image\" data-id=\"8cb5b83\" data-element_type=\"widget\" data-e-type=\"widget\" data-widget_type=\"image.default\">\n\t\t\t\t<div class=\"elementor-widget-container\">\n\t\t\t\t\t\t\t\t\t\t\t\t\t\t\t<img decoding=\"async\" width=\"171\" height=\"170\" src=\"https:\/\/lafrasera.cat\/wp-content\/uploads\/2024\/12\/icono-frasera.png\" class=\"attachment-large size-large wp-image-1255\" alt=\"\" srcset=\"https:\/\/lafrasera.cat\/wp-content\/uploads\/2024\/12\/icono-frasera.png 171w, https:\/\/lafrasera.cat\/wp-content\/uploads\/2024\/12\/icono-frasera-150x150.png 150w\" sizes=\"(max-width: 171px) 100vw, 171px\" \/>\t\t\t\t\t\t\t\t\t\t\t\t\t\t\t<\/div>\n\t\t\t\t<\/div>\n\t\t<div class=\"elementor-element elementor-element-c66e7c6 e-con-full e-flex e-con e-child\" data-id=\"c66e7c6\" data-element_type=\"container\" data-e-type=\"container\">\n\t\t\t\t<div class=\"elementor-element elementor-element-1a1fc2a elementor-widget__width-auto elementor-widget elementor-widget-heading\" data-id=\"1a1fc2a\" data-element_type=\"widget\" data-e-type=\"widget\" data-widget_type=\"heading.default\">\n\t\t\t\t<div class=\"elementor-widget-container\">\n\t\t\t\t\t<h2 class=\"elementor-heading-title elementor-size-default\">Pede informa\u00e7\u00f5es!<\/h2>\t\t\t\t<\/div>\n\t\t\t\t<\/div>\n\t\t\t\t<div class=\"elementor-element elementor-element-b352e8d elementor-widget elementor-widget-text-editor\" data-id=\"b352e8d\" data-element_type=\"widget\" data-e-type=\"widget\" data-widget_type=\"text-editor.default\">\n\t\t\t\t<div class=\"elementor-widget-container\">\n\t\t\t\t\t\t\t\t\t<p>Contacta-nos com anteced\u00eancia para saberes a disponibilidade.<\/p>\t\t\t\t\t\t\t\t<\/div>\n\t\t\t\t<\/div>\n\t\t<div class=\"elementor-element elementor-element-2d40450 e-con-full e-flex e-con e-child\" data-id=\"2d40450\" data-element_type=\"container\" data-e-type=\"container\">\n\t\t\t\t<div class=\"elementor-element elementor-element-c3bb5cb elementor-widget__width-auto elementor-widget elementor-widget-button\" data-id=\"c3bb5cb\" data-element_type=\"widget\" data-e-type=\"widget\" data-widget_type=\"button.default\">\n\t\t\t\t<div class=\"elementor-widget-container\">\n\t\t\t\t\t\t\t\t\t<div class=\"elementor-button-wrapper\">\n\t\t\t\t\t<a class=\"elementor-button elementor-button-link elementor-size-sm\" href=\"https:\/\/lafrasera.cat\/pt-pt\/contacto\/\">\n\t\t\t\t\t\t<span class=\"elementor-button-content-wrapper\">\n\t\t\t\t\t\t<span class=\"elementor-button-icon\">\n\t\t\t\t<svg aria-hidden=\"true\" class=\"e-font-icon-svg e-fas-arrow-right\" viewBox=\"0 0 448 512\" xmlns=\"http:\/\/www.w3.org\/2000\/svg\"><path d=\"M190.5 66.9l22.2-22.2c9.4-9.4 24.6-9.4 33.9 0L441 239c9.4 9.4 9.4 24.6 0 33.9L246.6 467.3c-9.4 9.4-24.6 9.4-33.9 0l-22.2-22.2c-9.5-9.5-9.3-25 .4-34.3L311.4 296H24c-13.3 0-24-10.7-24-24v-32c0-13.3 10.7-24 24-24h287.4L190.9 101.2c-9.8-9.3-10-24.8-.4-34.3z\"><\/path><\/svg>\t\t\t<\/span>\n\t\t\t\t\t\t\t\t\t<span class=\"elementor-button-text\">Contacto<\/span>\n\t\t\t\t\t<\/span>\n\t\t\t\t\t<\/a>\n\t\t\t\t<\/div>\n\t\t\t\t\t\t\t\t<\/div>\n\t\t\t\t<\/div>\n\t\t\t\t<\/div>\n\t\t\t\t<\/div>\n\t\t\t\t\t<\/div>\n\t\t\t\t<\/div>\n\t\t\t\t<\/div>\n\t\t","protected":false},"excerpt":{"rendered":"<p>Actividades Celebra o teu anivers\u00e1rio em La Frasera Um anivers\u00e1rio \u00e9 a oportunidade perfeita para reunir a fam\u00edlia e os amigos num ambiente especial. Em La Frasera, oferecemos-te um espa\u00e7o \u00fanico onde podes celebrar desde festas \u00edntimas a grandes reuni\u00f5es ao ar livre. Diferentes op\u00e7\u00f5es para a tua festa Reserva toda a casa da quinta [&hellip;]<\/p>\n","protected":false},"author":1,"featured_media":0,"parent":2026,"menu_order":0,"comment_status":"closed","ping_status":"closed","template":"","meta":{"footnotes":""},"class_list":["post-1989","page","type-page","status-publish","hentry"],"_links":{"self":[{"href":"https:\/\/lafrasera.cat\/pt-pt\/wp-json\/wp\/v2\/pages\/1989","targetHints":{"allow":["GET"]}}],"collection":[{"href":"https:\/\/lafrasera.cat\/pt-pt\/wp-json\/wp\/v2\/pages"}],"about":[{"href":"https:\/\/lafrasera.cat\/pt-pt\/wp-json\/wp\/v2\/types\/page"}],"author":[{"embeddable":true,"href":"https:\/\/lafrasera.cat\/pt-pt\/wp-json\/wp\/v2\/users\/1"}],"replies":[{"embeddable":true,"href":"https:\/\/lafrasera.cat\/pt-pt\/wp-json\/wp\/v2\/comments?post=1989"}],"version-history":[{"count":2,"href":"https:\/\/lafrasera.cat\/pt-pt\/wp-json\/wp\/v2\/pages\/1989\/revisions"}],"predecessor-version":[{"id":1996,"href":"https:\/\/lafrasera.cat\/pt-pt\/wp-json\/wp\/v2\/pages\/1989\/revisions\/1996"}],"up":[{"embeddable":true,"href":"https:\/\/lafrasera.cat\/pt-pt\/wp-json\/wp\/v2\/pages\/2026"}],"wp:attachment":[{"href":"https:\/\/lafrasera.cat\/pt-pt\/wp-json\/wp\/v2\/media?parent=1989"}],"curies":[{"name":"wp","href":"https:\/\/api.w.org\/{rel}","templated":true}]}}